{"id":2267,"date":"2022-10-03T10:59:39","date_gmt":"2022-10-03T08:59:39","guid":{"rendered":"https:\/\/grega-jk.si\/?page_id=2267"},"modified":"2022-11-21T21:19:27","modified_gmt":"2022-11-21T20:19:27","slug":"spodbude-za-digitalno-transformacijo-msp","status":"publish","type":"page","link":"https:\/\/grega-jk.si\/de\/spodbude-za-digitalno-transformacijo-msp\/","title":{"rendered":"Anreize f\u00fcr die digitale Transformation von KMU"},"content":{"rendered":"<div data-elementor-type=\"wp-page\" data-elementor-id=\"2267\" class=\"elementor elementor-2267\" data-elementor-post-type=\"page\">\n\t\t\t\t<div class=\"elementor-element elementor-element-6727c08 e-flex e-con-boxed e-con e-parent\" data-id=\"6727c08\" data-element_type=\"container\" data-e-type=\"container\" data-settings=\"{&quot;background_background&quot;:&quot;classic&quot;}\">\n\t\t\t\t\t<div class=\"e-con-inner\">\n\t\t<div class=\"elementor-element elementor-element-e5c1b4d e-con-full e-flex e-con e-parent\" data-id=\"e5c1b4d\" data-element_type=\"container\" data-e-type=\"container\" data-settings=\"{&quot;background_background&quot;:&quot;classic&quot;}\">\n\t\t\t\t<div class=\"elementor-element elementor-element-42c029c elementor-widget elementor-widget-spacer\" data-id=\"42c029c\" data-element_type=\"widget\" data-e-type=\"widget\" data-widget_type=\"spacer.default\">\n\t\t\t\t<div class=\"elementor-widget-container\">\n\t\t\t\t\t\t\t<div class=\"elementor-spacer\">\n\t\t\t<div class=\"elementor-spacer-inner\"><\/div>\n\t\t<\/div>\n\t\t\t\t\t\t<\/div>\n\t\t\t\t<\/div>\n\t\t\t\t<div class=\"elementor-element elementor-element-dd0b375 elementor-widget elementor-widget-heading\" data-id=\"dd0b375\" data-element_type=\"widget\" data-e-type=\"widget\" data-widget_type=\"heading.default\">\n\t\t\t\t<div class=\"elementor-widget-container\">\n\t\t\t\t\t<h2 class=\"elementor-heading-title elementor-size-default\">Ausschreibung<\/h2>\t\t\t\t<\/div>\n\t\t\t\t<\/div>\n\t\t\t\t<div class=\"elementor-element elementor-element-b4bb1b3 elementor-widget elementor-widget-text-editor\" data-id=\"b4bb1b3\" data-element_type=\"widget\" data-e-type=\"widget\" data-widget_type=\"text-editor.default\">\n\t\t\t\t<div class=\"elementor-widget-container\">\n\t\t\t\t\t\t\t\t\t<p>Mit wissen veredeln Blech<\/p>\t\t\t\t\t\t\t\t<\/div>\n\t\t\t\t<\/div>\n\t\t\t\t<div class=\"elementor-element elementor-element-76d2f5e elementor-widget elementor-widget-text-editor\" data-id=\"76d2f5e\" data-element_type=\"widget\" data-e-type=\"widget\" data-widget_type=\"text-editor.default\">\n\t\t\t\t<div class=\"elementor-widget-container\">\n\t\t\t\t\t\t\t\t\t<p>Das Unternehmen war erfolgreich beim Public Call for Incentives for the Digital Transformation of SMEs (P4D-ReactEU) mit dem Projekt: Digital transformation of the company Grega-JK d.o.o.<\/p>\t\t\t\t\t\t\t\t<\/div>\n\t\t\t\t<\/div>\n\t\t\t\t<\/div>\n\t\t\t\t\t<\/div>\n\t\t\t\t<\/div>\n\t\t<div class=\"elementor-element elementor-element-0446445 e-flex e-con-boxed e-con e-parent\" data-id=\"0446445\" data-element_type=\"container\" data-e-type=\"container\">\n\t\t\t\t\t<div class=\"e-con-inner\">\n\t\t<div class=\"elementor-element elementor-element-96473e5 e-con-full e-flex e-con e-parent\" data-id=\"96473e5\" data-element_type=\"container\" data-e-type=\"container\">\n\t\t\t\t<div class=\"elementor-element elementor-element-05a6294 elementor-widget elementor-widget-text-editor\" data-id=\"05a6294\" data-element_type=\"widget\" data-e-type=\"widget\" data-widget_type=\"text-editor.default\">\n\t\t\t\t<div class=\"elementor-widget-container\">\n\t\t\t\t\t\t\t\t\t<p style=\"font-weight: 400;\">Das Unternehmen war im \u00f6ffentlichen Aufruf zur F\u00f6rderung von Anreizen f\u00fcr die digitale Transformation von KMU (P4D-ReactEU) mit dem Projekt \u201eDigitale Transformation des Unternehmens Grega-JK doo\u201c erfolgreich. Ziel des Projekts ist es, das Wachstum und die Entwicklung des Unternehmens anzuregen die Folgen der Covid-19-Pandemie durch Investitionen in die Nutzung des digitalen Gesch\u00e4fts zu beseitigen. Das Projekt wird es dem Unternehmen erm\u00f6glichen, Gesch\u00e4fts- und Produktionsprozesse neu zu strukturieren und zu modernisieren sowie neue digitale Gesch\u00e4ftsmodelle einzuf\u00fchren und so seine Marktposition kurzfristig zu behaupten und langfristig seine Position in bestehenden und der Erschlie\u00dfung neuer M\u00e4rkte und Marktnischen zu st\u00e4rken.<\/p><p style=\"font-weight: 400;\"><strong>Die Ziele des Projekts sind:<\/strong><\/p><ul><li>Umsetzung der digitalen Transformation im Unternehmen, n\u00e4mlich durch den \u00dcbergang zur Digitalisierung des Betriebs und die Anpassung an digitale M\u00e4rkte,<\/li><li>Verbesserung der Kompetenzen der Mitarbeiter des Unternehmens im Bereich Digitalisierung,<\/li><li>F\u00f6rderung energie- und materialeffizienter Prozesse,<\/li><li>Steigerung der Wertsch\u00f6pfung pro Mitarbeiter.<\/li><\/ul><p style=\"font-weight: 400;\">Der Gesamtwert des Projekts betr\u00e4gt EUR 114.060,00. Der Wert der f\u00f6rderf\u00e4higen Kosten betr\u00e4gt EUR 114.060,00. Der voraussichtliche Wert der Kofinanzierung betr\u00e4gt EUR 68.436,00. Der Wert der Eigeninvestition wird auf EUR 45.624,00 gesch\u00e4tzt. \u00a0<\/p><p style=\"font-weight: 400;\">Link zur Website der Europ\u00e4ischen Koh\u00e4sionspolitik in Slowenien: <a href=\"http:\/\/www.eu-skladi.si\/\">www.eu-skladi.si<\/a>.<\/p><p><img fetchpriority=\"high\" decoding=\"async\" class=\"wp-image-2270 size-full aligncenter\" src=\"https:\/\/grega-jk.si\/wp-content\/uploads\/2020\/04\/pasica_z_logotipi.png\" alt=\"\" width=\"784\" height=\"84\" srcset=\"https:\/\/grega-jk.si\/wp-content\/uploads\/2020\/04\/pasica_z_logotipi.png 784w, https:\/\/grega-jk.si\/wp-content\/uploads\/2020\/04\/pasica_z_logotipi-600x64.png 600w, https:\/\/grega-jk.si\/wp-content\/uploads\/2020\/04\/pasica_z_logotipi-300x32.png 300w, https:\/\/grega-jk.si\/wp-content\/uploads\/2020\/04\/pasica_z_logotipi-768x82.png 768w, https:\/\/grega-jk.si\/wp-content\/uploads\/2020\/04\/pasica_z_logotipi-18x2.png 18w\" sizes=\"(max-width: 784px) 100vw, 784px\" \/><\/p><p><b>\u201eDie Investition wird von der Republik Slowenien und der Europ\u00e4ischen Union aus dem Europ\u00e4ischen Fonds f\u00fcr regionale Entwicklung kofinanziert.\u201c<\/b><\/p>\t\t\t\t\t\t\t\t<\/div>\n\t\t\t\t<\/div>\n\t\t\t\t<\/div>\n\t\t\t\t\t<\/div>\n\t\t\t\t<\/div>\n\t\t\t\t<\/div>","protected":false},"excerpt":{"rendered":"<p>Javni razpis Z znanjem plemenitimo plo\u010devino Podjetje je bilo uspe\u0161no na Javnem razpisu Spodbude za digitalno transformacijo MSP (P4D-ReactEU) s projektom: Digitalna transformacija podjetja Grega-JK d.o.o. Podjetje je bilo uspe\u0161no na Javnem razpisu Spodbude za digitalno transformacijo MSP (P4D-ReactEU) s projektom: Digitalna transformacija podjetja Grega-JK d.o.o. Namen projekta je spodbuditi rast in razvoj podjetja ter [&hellip;]<\/p>\n","protected":false},"author":6,"featured_media":1611,"parent":0,"menu_order":0,"comment_status":"closed","ping_status":"closed","template":"","meta":{"site-sidebar-layout":"default","site-content-layout":"","ast-site-content-layout":"default","site-content-style":"default","site-sidebar-style":"default","ast-global-header-display":"","ast-banner-title-visibility":"","ast-main-header-display":"","ast-hfb-above-header-display":"","ast-hfb-below-header-display":"","ast-hfb-mobile-header-display":"","site-post-title":"","ast-breadcrumbs-content":"","ast-featured-img":"","footer-sml-layout":"","ast-disable-related-posts":"","theme-transparent-header-meta":"","adv-header-id-meta":"","stick-header-meta":"","header-above-stick-meta":"","header-main-stick-meta":"","header-below-stick-meta":"","astra-migrate-meta-layouts":"default","ast-page-background-enabled":"default","ast-page-background-meta":{"desktop":{"background-color":"var(--ast-global-color-4)","background-image":"","background-repeat":"repeat","background-position":"center center","background-size":"auto","background-attachment":"scroll","background-type":"","background-media":"","overlay-type":"","overlay-color":"","overlay-opacity":"","overlay-gradient":""},"tablet":{"background-color":"","background-image":"","background-repeat":"repeat","background-position":"center center","background-size":"auto","background-attachment":"scroll","background-type":"","background-media":"","overlay-type":"","overlay-color":"","overlay-opacity":"","overlay-gradient":""},"mobile":{"background-color":"","background-image":"","background-repeat":"repeat","background-position":"center center","background-size":"auto","background-attachment":"scroll","background-type":"","background-media":"","overlay-type":"","overlay-color":"","overlay-opacity":"","overlay-gradient":""}},"ast-content-background-meta":{"desktop":{"background-color":"var(--ast-global-color-5)","background-image":"","background-repeat":"repeat","background-position":"center center","background-size":"auto","background-attachment":"scroll","background-type":"","background-media":"","overlay-type":"","overlay-color":"","overlay-opacity":"","overlay-gradient":""},"tablet":{"background-color":"var(--ast-global-color-5)","background-image":"","background-repeat":"repeat","background-position":"center center","background-size":"auto","background-attachment":"scroll","background-type":"","background-media":"","overlay-type":"","overlay-color":"","overlay-opacity":"","overlay-gradient":""},"mobile":{"background-color":"var(--ast-global-color-5)","background-image":"","background-repeat":"repeat","background-position":"center center","background-size":"auto","background-attachment":"scroll","background-type":"","background-media":"","overlay-type":"","overlay-color":"","overlay-opacity":"","overlay-gradient":""}},"footnotes":""},"class_list":["post-2267","page","type-page","status-publish","has-post-thumbnail","hentry"],"yoast_head":"<!-- This site is optimized with the Yoast SEO plugin v27.6 - https:\/\/yoast.com\/product\/yoast-seo-wordpress\/ -->\n<title>Spodbude za digitalno transformacijo MSP - Grega-JK<\/title>\n<meta name=\"description\" content=\"Podjetje je bilo uspe\u0161no na Javnem razpisu Spodbude za digitalno transformacijo MSP (P4D-ReactEU).\" \/>\n<meta name=\"robots\" content=\"index, follow, max-snippet:-1, max-image-preview:large, max-video-preview:-1\" \/>\n<link rel=\"canonical\" href=\"https:\/\/grega-jk.si\/de\/spodbude-za-digitalno-transformacijo-msp\/\" \/>\n<meta property=\"og:locale\" content=\"de_DE\" \/>\n<meta property=\"og:type\" content=\"article\" \/>\n<meta property=\"og:title\" content=\"Spodbude za digitalno transformacijo MSP - Grega-JK\" \/>\n<meta property=\"og:description\" content=\"Podjetje je bilo uspe\u0161no na Javnem razpisu Spodbude za digitalno transformacijo MSP (P4D-ReactEU).\" \/>\n<meta property=\"og:url\" content=\"https:\/\/grega-jk.si\/de\/spodbude-za-digitalno-transformacijo-msp\/\" \/>\n<meta property=\"og:site_name\" content=\"Grega-JK\" \/>\n<meta property=\"article:modified_time\" content=\"2022-11-21T20:19:27+00:00\" \/>\n<meta name=\"twitter:card\" content=\"summary_large_image\" \/>\n<meta name=\"twitter:label1\" content=\"Gesch\u00e4tzte Lesezeit\" \/>\n\t<meta name=\"twitter:data1\" content=\"2\u00a0Minuten\" \/>\n<script type=\"application\/ld+json\" class=\"yoast-schema-graph\">{\"@context\":\"https:\\\/\\\/schema.org\",\"@graph\":[{\"@type\":\"WebPage\",\"@id\":\"https:\\\/\\\/grega-jk.si\\\/spodbude-za-digitalno-transformacijo-msp\\\/\",\"url\":\"https:\\\/\\\/grega-jk.si\\\/spodbude-za-digitalno-transformacijo-msp\\\/\",\"name\":\"Spodbude za digitalno transformacijo MSP - Grega-JK\",\"isPartOf\":{\"@id\":\"https:\\\/\\\/grega-jk.si\\\/#website\"},\"primaryImageOfPage\":{\"@id\":\"https:\\\/\\\/grega-jk.si\\\/spodbude-za-digitalno-transformacijo-msp\\\/#primaryimage\"},\"image\":{\"@id\":\"https:\\\/\\\/grega-jk.si\\\/spodbude-za-digitalno-transformacijo-msp\\\/#primaryimage\"},\"thumbnailUrl\":\"https:\\\/\\\/grega-jk.si\\\/wp-content\\\/uploads\\\/2020\\\/07\\\/favicon.svg\",\"datePublished\":\"2022-10-03T08:59:39+00:00\",\"dateModified\":\"2022-11-21T20:19:27+00:00\",\"description\":\"Podjetje je bilo uspe\u0161no na Javnem razpisu Spodbude za digitalno transformacijo MSP (P4D-ReactEU).\",\"breadcrumb\":{\"@id\":\"https:\\\/\\\/grega-jk.si\\\/spodbude-za-digitalno-transformacijo-msp\\\/#breadcrumb\"},\"inLanguage\":\"de\",\"potentialAction\":[{\"@type\":\"ReadAction\",\"target\":[\"https:\\\/\\\/grega-jk.si\\\/spodbude-za-digitalno-transformacijo-msp\\\/\"]}]},{\"@type\":\"ImageObject\",\"inLanguage\":\"de\",\"@id\":\"https:\\\/\\\/grega-jk.si\\\/spodbude-za-digitalno-transformacijo-msp\\\/#primaryimage\",\"url\":\"https:\\\/\\\/grega-jk.si\\\/wp-content\\\/uploads\\\/2020\\\/07\\\/favicon.svg\",\"contentUrl\":\"https:\\\/\\\/grega-jk.si\\\/wp-content\\\/uploads\\\/2020\\\/07\\\/favicon.svg\",\"width\":100,\"height\":100},{\"@type\":\"BreadcrumbList\",\"@id\":\"https:\\\/\\\/grega-jk.si\\\/spodbude-za-digitalno-transformacijo-msp\\\/#breadcrumb\",\"itemListElement\":[{\"@type\":\"ListItem\",\"position\":1,\"name\":\"Home\",\"item\":\"https:\\\/\\\/grega-jk.si\\\/\"},{\"@type\":\"ListItem\",\"position\":2,\"name\":\"Spodbude za digitalno transformacijo MSP\"}]},{\"@type\":\"WebSite\",\"@id\":\"https:\\\/\\\/grega-jk.si\\\/#website\",\"url\":\"https:\\\/\\\/grega-jk.si\\\/\",\"name\":\"Grega-JK\",\"description\":\"Z znanjem plemenitimo plo\u010devino\",\"publisher\":{\"@id\":\"https:\\\/\\\/grega-jk.si\\\/#organization\"},\"potentialAction\":[{\"@type\":\"SearchAction\",\"target\":{\"@type\":\"EntryPoint\",\"urlTemplate\":\"https:\\\/\\\/grega-jk.si\\\/?s={search_term_string}\"},\"query-input\":{\"@type\":\"PropertyValueSpecification\",\"valueRequired\":true,\"valueName\":\"search_term_string\"}}],\"inLanguage\":\"de\"},{\"@type\":\"Organization\",\"@id\":\"https:\\\/\\\/grega-jk.si\\\/#organization\",\"name\":\"GREGA-JK proizvodnja, storitve in trgovina d.o.o.\",\"url\":\"https:\\\/\\\/grega-jk.si\\\/\",\"logo\":{\"@type\":\"ImageObject\",\"inLanguage\":\"de\",\"@id\":\"https:\\\/\\\/grega-jk.si\\\/#\\\/schema\\\/logo\\\/image\\\/\",\"url\":\"https:\\\/\\\/grega-jk.si\\\/wp-content\\\/uploads\\\/2019\\\/02\\\/kolaric_favicon_512x512.png\",\"contentUrl\":\"https:\\\/\\\/grega-jk.si\\\/wp-content\\\/uploads\\\/2019\\\/02\\\/kolaric_favicon_512x512.png\",\"width\":512,\"height\":512,\"caption\":\"GREGA-JK proizvodnja, storitve in trgovina d.o.o.\"},\"image\":{\"@id\":\"https:\\\/\\\/grega-jk.si\\\/#\\\/schema\\\/logo\\\/image\\\/\"}}]}<\/script>\n<!-- \/ Yoast SEO plugin. -->","yoast_head_json":{"title":"Spodbude za digitalno transformacijo MSP - Grega-JK","description":"Podjetje je bilo uspe\u0161no na Javnem razpisu Spodbude za digitalno transformacijo MSP (P4D-ReactEU).","robots":{"index":"index","follow":"follow","max-snippet":"max-snippet:-1","max-image-preview":"max-image-preview:large","max-video-preview":"max-video-preview:-1"},"canonical":"https:\/\/grega-jk.si\/de\/spodbude-za-digitalno-transformacijo-msp\/","og_locale":"de_DE","og_type":"article","og_title":"Spodbude za digitalno transformacijo MSP - Grega-JK","og_description":"Podjetje je bilo uspe\u0161no na Javnem razpisu Spodbude za digitalno transformacijo MSP (P4D-ReactEU).","og_url":"https:\/\/grega-jk.si\/de\/spodbude-za-digitalno-transformacijo-msp\/","og_site_name":"Grega-JK","article_modified_time":"2022-11-21T20:19:27+00:00","twitter_card":"summary_large_image","twitter_misc":{"Gesch\u00e4tzte Lesezeit":"2\u00a0Minuten"},"schema":{"@context":"https:\/\/schema.org","@graph":[{"@type":"WebPage","@id":"https:\/\/grega-jk.si\/spodbude-za-digitalno-transformacijo-msp\/","url":"https:\/\/grega-jk.si\/spodbude-za-digitalno-transformacijo-msp\/","name":"Spodbude za digitalno transformacijo MSP - Grega-JK","isPartOf":{"@id":"https:\/\/grega-jk.si\/#website"},"primaryImageOfPage":{"@id":"https:\/\/grega-jk.si\/spodbude-za-digitalno-transformacijo-msp\/#primaryimage"},"image":{"@id":"https:\/\/grega-jk.si\/spodbude-za-digitalno-transformacijo-msp\/#primaryimage"},"thumbnailUrl":"https:\/\/grega-jk.si\/wp-content\/uploads\/2020\/07\/favicon.svg","datePublished":"2022-10-03T08:59:39+00:00","dateModified":"2022-11-21T20:19:27+00:00","description":"Podjetje je bilo uspe\u0161no na Javnem razpisu Spodbude za digitalno transformacijo MSP (P4D-ReactEU).","breadcrumb":{"@id":"https:\/\/grega-jk.si\/spodbude-za-digitalno-transformacijo-msp\/#breadcrumb"},"inLanguage":"de","potentialAction":[{"@type":"ReadAction","target":["https:\/\/grega-jk.si\/spodbude-za-digitalno-transformacijo-msp\/"]}]},{"@type":"ImageObject","inLanguage":"de","@id":"https:\/\/grega-jk.si\/spodbude-za-digitalno-transformacijo-msp\/#primaryimage","url":"https:\/\/grega-jk.si\/wp-content\/uploads\/2020\/07\/favicon.svg","contentUrl":"https:\/\/grega-jk.si\/wp-content\/uploads\/2020\/07\/favicon.svg","width":100,"height":100},{"@type":"BreadcrumbList","@id":"https:\/\/grega-jk.si\/spodbude-za-digitalno-transformacijo-msp\/#breadcrumb","itemListElement":[{"@type":"ListItem","position":1,"name":"Home","item":"https:\/\/grega-jk.si\/"},{"@type":"ListItem","position":2,"name":"Spodbude za digitalno transformacijo MSP"}]},{"@type":"WebSite","@id":"https:\/\/grega-jk.si\/#website","url":"https:\/\/grega-jk.si\/","name":"Grega-JK","description":"Mit wissen veredeln Blech","publisher":{"@id":"https:\/\/grega-jk.si\/#organization"},"potentialAction":[{"@type":"SearchAction","target":{"@type":"EntryPoint","urlTemplate":"https:\/\/grega-jk.si\/?s={search_term_string}"},"query-input":{"@type":"PropertyValueSpecification","valueRequired":true,"valueName":"search_term_string"}}],"inLanguage":"de"},{"@type":"Organization","@id":"https:\/\/grega-jk.si\/#organization","name":"GREGA-JK Produktion, Dienstleistungen und Handel doo","url":"https:\/\/grega-jk.si\/","logo":{"@type":"ImageObject","inLanguage":"de","@id":"https:\/\/grega-jk.si\/#\/schema\/logo\/image\/","url":"https:\/\/grega-jk.si\/wp-content\/uploads\/2019\/02\/kolaric_favicon_512x512.png","contentUrl":"https:\/\/grega-jk.si\/wp-content\/uploads\/2019\/02\/kolaric_favicon_512x512.png","width":512,"height":512,"caption":"GREGA-JK proizvodnja, storitve in trgovina d.o.o."},"image":{"@id":"https:\/\/grega-jk.si\/#\/schema\/logo\/image\/"}}]}},"_links":{"self":[{"href":"https:\/\/grega-jk.si\/de\/wp-json\/wp\/v2\/pages\/2267","targetHints":{"allow":["GET"]}}],"collection":[{"href":"https:\/\/grega-jk.si\/de\/wp-json\/wp\/v2\/pages"}],"about":[{"href":"https:\/\/grega-jk.si\/de\/wp-json\/wp\/v2\/types\/page"}],"author":[{"embeddable":true,"href":"https:\/\/grega-jk.si\/de\/wp-json\/wp\/v2\/users\/6"}],"replies":[{"embeddable":true,"href":"https:\/\/grega-jk.si\/de\/wp-json\/wp\/v2\/comments?post=2267"}],"version-history":[{"count":0,"href":"https:\/\/grega-jk.si\/de\/wp-json\/wp\/v2\/pages\/2267\/revisions"}],"wp:featuredmedia":[{"embeddable":true,"href":"https:\/\/grega-jk.si\/de\/wp-json\/wp\/v2\/media\/1611"}],"wp:attachment":[{"href":"https:\/\/grega-jk.si\/de\/wp-json\/wp\/v2\/media?parent=2267"}],"curies":[{"name":"wp","href":"https:\/\/api.w.org\/{rel}","templated":true}]}}