{"id":2211,"date":"2022-02-28T23:33:36","date_gmt":"2022-02-28T22:33:36","guid":{"rendered":"https:\/\/grega-jk.si\/?page_id=2211"},"modified":"2022-11-21T21:20:45","modified_gmt":"2022-11-21T20:20:45","slug":"kopi","status":"publish","type":"page","link":"https:\/\/grega-jk.si\/de\/kopi\/","title":{"rendered":"GRABEN"},"content":{"rendered":"<div data-elementor-type=\"wp-page\" data-elementor-id=\"2211\" class=\"elementor elementor-2211\" data-elementor-post-type=\"page\">\n\t\t\t\t<div class=\"elementor-element elementor-element-8b5f410 e-flex e-con-boxed e-con e-parent\" data-id=\"8b5f410\" data-element_type=\"container\" data-e-type=\"container\" data-settings=\"{&quot;background_background&quot;:&quot;classic&quot;}\">\n\t\t\t\t\t<div class=\"e-con-inner\">\n\t\t<div class=\"elementor-element elementor-element-488f8b0 e-con-full e-flex e-con e-parent\" data-id=\"488f8b0\" data-element_type=\"container\" data-e-type=\"container\" data-settings=\"{&quot;background_background&quot;:&quot;classic&quot;}\">\n\t\t\t\t<div class=\"elementor-element elementor-element-0f5019e elementor-widget elementor-widget-spacer\" data-id=\"0f5019e\" data-element_type=\"widget\" data-e-type=\"widget\" data-widget_type=\"spacer.default\">\n\t\t\t\t<div class=\"elementor-widget-container\">\n\t\t\t\t\t\t\t<div class=\"elementor-spacer\">\n\t\t\t<div class=\"elementor-spacer-inner\"><\/div>\n\t\t<\/div>\n\t\t\t\t\t\t<\/div>\n\t\t\t\t<\/div>\n\t\t\t\t<div class=\"elementor-element elementor-element-a6725b3 elementor-widget elementor-widget-heading\" data-id=\"a6725b3\" data-element_type=\"widget\" data-e-type=\"widget\" data-widget_type=\"heading.default\">\n\t\t\t\t<div class=\"elementor-widget-container\">\n\t\t\t\t\t<h2 class=\"elementor-heading-title elementor-size-default\">Programm zur Entwicklung des l\u00e4ndlichen Raums<\/h2>\t\t\t\t<\/div>\n\t\t\t\t<\/div>\n\t\t\t\t<div class=\"elementor-element elementor-element-e6d1ce9 elementor-widget elementor-widget-text-editor\" data-id=\"e6d1ce9\" data-element_type=\"widget\" data-e-type=\"widget\" data-widget_type=\"text-editor.default\">\n\t\t\t\t<div class=\"elementor-widget-container\">\n\t\t\t\t\t\t\t\t\t<p>Mit wissen veredeln Blech<\/p>\t\t\t\t\t\t\t\t<\/div>\n\t\t\t\t<\/div>\n\t\t\t\t<div class=\"elementor-element elementor-element-b5e9d60 elementor-widget elementor-widget-text-editor\" data-id=\"b5e9d60\" data-element_type=\"widget\" data-e-type=\"widget\" data-widget_type=\"text-editor.default\">\n\t\t\t\t<div class=\"elementor-widget-container\">\n\t\t\t\t\t\t\t\t\t<p>Produktion und Einsatz von Pflanzenkohle in landwirtschaftlichen Betrieben zur Verbesserung des Bodens und zur Eind\u00e4mmung des Klimawandels.<\/p>\t\t\t\t\t\t\t\t<\/div>\n\t\t\t\t<\/div>\n\t\t\t\t<\/div>\n\t\t\t\t\t<\/div>\n\t\t\t\t<\/div>\n\t\t<div class=\"elementor-element elementor-element-38c2df8 e-flex e-con-boxed e-con e-parent\" data-id=\"38c2df8\" data-element_type=\"container\" data-e-type=\"container\">\n\t\t\t\t\t<div class=\"e-con-inner\">\n\t\t<div class=\"elementor-element elementor-element-01a457e e-con-full e-flex e-con e-parent\" data-id=\"01a457e\" data-element_type=\"container\" data-e-type=\"container\">\n\t\t\t\t<div class=\"elementor-element elementor-element-dc79f11 elementor-widget elementor-widget-image\" data-id=\"dc79f11\" data-element_type=\"widget\" data-e-type=\"widget\" data-widget_type=\"image.default\">\n\t\t\t\t<div class=\"elementor-widget-container\">\n\t\t\t\t\t\t\t\t\t\t\t\t\t\t\t<img fetchpriority=\"high\" decoding=\"async\" width=\"896\" height=\"222\" src=\"https:\/\/grega-jk.si\/wp-content\/uploads\/2022\/02\/PRP-EU-SLO-barvni.jpg\" class=\"attachment-large size-large wp-image-2218\" alt=\"\" srcset=\"https:\/\/grega-jk.si\/wp-content\/uploads\/2022\/02\/PRP-EU-SLO-barvni.jpg 896w, https:\/\/grega-jk.si\/wp-content\/uploads\/2022\/02\/PRP-EU-SLO-barvni-600x149.jpg 600w, https:\/\/grega-jk.si\/wp-content\/uploads\/2022\/02\/PRP-EU-SLO-barvni-300x74.jpg 300w, https:\/\/grega-jk.si\/wp-content\/uploads\/2022\/02\/PRP-EU-SLO-barvni-768x190.jpg 768w, https:\/\/grega-jk.si\/wp-content\/uploads\/2022\/02\/PRP-EU-SLO-barvni-18x4.jpg 18w\" sizes=\"(max-width: 896px) 100vw, 896px\" \/>\t\t\t\t\t\t\t\t\t\t\t\t\t\t\t<\/div>\n\t\t\t\t<\/div>\n\t\t\t\t<div class=\"elementor-element elementor-element-a9d2d59 elementor-widget elementor-widget-text-editor\" data-id=\"a9d2d59\" data-element_type=\"widget\" data-e-type=\"widget\" data-settings=\"{&quot;_animation&quot;:&quot;none&quot;}\" data-widget_type=\"text-editor.default\">\n\t\t\t\t<div class=\"elementor-widget-container\">\n\t\t\t\t\t\t\t\t\t<p>Das Pilotprojekt Produktion und Nutzung von Pflanzenkohle auf landwirtschaftlichen Betrieben zum Zwecke der Bodenverbesserung und Beitrag zur Eind\u00e4mmung des Klimawandels wird im Rahmen der Ma\u00dfnahme M16: Kooperation aus dem L\u00e4ndlichen Entwicklungsprogramm 2014-2020, Teilma\u00dfnahme 16.5 Unterst\u00fctzung gemeinsamer Ma\u00dfnahmen zur Eind\u00e4mmung des Klimawandels durchgef\u00fchrt \u00e4ndern oder sich daran anpassen sowie f\u00fcr gemeinsame Ans\u00e4tze f\u00fcr Umweltprojekte und nachhaltige Umweltpraktiken.<\/p><p><strong>F\u00fchrender Partner<\/strong>: ZRS Bistra Ptuj<\/p><p>Projektpartner:<\/p><ul><li>Universit\u00e4t Maribor, Fakult\u00e4t f\u00fcr Agrar- und Biosystemwissenschaften<\/li><li>KGZS Institut f\u00fcr Land- und Forstwirtschaft Ptuj<\/li><li>IKEMA Institut f\u00fcr Chemie, \u00d6kologie, Messungen und Analytik doo,<\/li><li>GREGA-JK doo<\/li><li>KMG Vogrinec Ivan<\/li><li>KMG Manfred Jakop<\/li><\/ul><p>\u00a0<\/p><p>Gesamtwert des Projekts: 44.971,82 EUR<br \/>H\u00f6he der Kofinanzierung: 44.971,82 EUR,<\/p><p>Das Projekt wird vom Europ\u00e4ischen Landwirtschaftsfonds f\u00fcr die Entwicklung des l\u00e4ndlichen Raums kofinanziert.<br \/>Projektlaufzeit: 1. Dezember 2020 bis 30. November 2021<\/p><p><br \/><strong>Projektziel:<\/strong><br \/>Ziel des Projekts ist die Produktion von hochwertiger Pflanzenkohle auf dem Bauernhof, die Aktivierung von Pflanzenkohle und der Einsatz von aktivierter Pflanzenkohle in einem Pilot-Wachstumsexperiment, mit dem wir die positiven Effekte des Pflanzenkohleeinsatzes demonstrieren wollen. Die gesammelten Ergebnisse der Pflanzenkohleproduktion, der Aktivierung von Pflanzenkohle und der Verwendung von Pflanzenkohle auf Anbaufl\u00e4chen werden ausgewertet und \u00fcber Websites und Fachpersonal aus dem Bereich der Landwirtschaft frei zug\u00e4nglich gemacht, um die Verwendung von Pflanzenkohle im slowenischen Raum zu f\u00f6rdern.<\/p><p><strong>Erwartete \u00c4nderung:<\/strong><\/p><ol><li>Produktion hochwertiger Pflanzenkohle auf dem Bauernhof. Produzierte ausreichende Mengen an Pflanzenkohle mit gepr\u00fcfter Qualit\u00e4t (durch Analysen nachgewiesen), um Feldversuche auf zwei Farmen, Partnern im Projekt, durchzuf\u00fchren. Der Betrieb wird davon profitieren, da die Landwirte mit dem Prozess selbst vertraut werden, die Abfallbiomasse nutzen und so f\u00fcr den vollst\u00e4ndigen Biomassekreislauf auf dem Betrieb sorgen k\u00f6nnen. Sie haben auch einen wirtschaftlichen Vorteil: Sie m\u00fcssen keine Pflanzenkohle auf dem Markt kaufen. Sie k\u00f6nnen den \u00dcberschuss an im Inland produzierter Pflanzenkohle an andere Betriebe verkaufen.<\/li><li>Aktivierung von Pflanzenkohle mit heimischen Aktivatoren (G\u00fclle, Jauche, Kompost...), aktivierte (ges\u00e4ttigte) Pflanzenkohle mit N\u00e4hrstoffen, Feuchtigkeit und Mikroorganismen. Der Erfolg der Aktivierung wird durch Analysen nachgewiesen.<\/li><li>Der Einsatz von aktivierter Pflanzenkohle als organischer Bodenhilfsstoff in zwei Feldversuchen. Ergebnisse eines Experiments zur Zugabe unterschiedlicher Mengen aktivierter Pflanzenkohle zu ausgew\u00e4hlten Gem\u00fcsesorten \u2013 Wirkung auf Gem\u00fcsewachstum und N\u00e4hrstoffwerte im Boden (durch Analysen belegt).<\/li><\/ol><p>\u00a0<\/p><p>Mit dem Pilotprojekt erhalten wir Ergebnisse aus tats\u00e4chlichen Versuchen zur Nutzung von aktivierter Pflanzenkohle im landwirtschaftlichen Bereich aus unserer Region, erhalten damit Daten dar\u00fcber, wie sich der Einsatz von aktivierter Pflanzenkohle auf unseren Boden auswirkt und k\u00f6nnen als Grundlage f\u00fcr weitere Empfehlungen dienen zum Einsatz von Pflanzenkohle auf landwirtschaftlichen Fl\u00e4chen.<\/p><p><strong>Verbinden<\/strong><\/p><ul><li><a href=\"http:\/\/ec.europa.eu\/agriculture\/rural-development-2014-2020\/index_sl.htm\">EG-Website zum Europ\u00e4ischen Landwirtschaftsfonds f\u00fcr die Entwicklung des l\u00e4ndlichen Raums<\/a><\/li><li><a href=\"http:\/\/www.program-podezelja.si\/\">PRP-Website<\/a><\/li><\/ul>\t\t\t\t\t\t\t\t<\/div>\n\t\t\t\t<\/div>\n\t\t\t\t<\/div>\n\t\t\t\t\t<\/div>\n\t\t\t\t<\/div>\n\t\t\t\t<\/div>","protected":false},"excerpt":{"rendered":"<p>Program razvoj pode\u017eelja Z znanjem plemenitimo plo\u010devino Proizvodnja in uporaba biooglja na kmetijah za namen izbolj\u0161anja tal in prispevka k\u00a0bla\u017eenju podnebnih sprememb. Pilotni projekt Proizvodnja in uporaba biooglja na kmetijah za namen izbolj\u0161anja tal in prispevka k bla\u017eenju podnebnih sprememb, se izvaja v okviru ukrepa M16 : Sodelovanje iz Programa razvoja pode\u017eelja 2014-2020, podukrep 16.5 [&hellip;]<\/p>\n","protected":false},"author":6,"featured_media":1523,"parent":0,"menu_order":0,"comment_status":"closed","ping_status":"closed","template":"","meta":{"site-sidebar-layout":"default","site-content-layout":"","ast-site-content-layout":"default","site-content-style":"default","site-sidebar-style":"default","ast-global-header-display":"","ast-banner-title-visibility":"","ast-main-header-display":"","ast-hfb-above-header-display":"","ast-hfb-below-header-display":"","ast-hfb-mobile-header-display":"","site-post-title":"","ast-breadcrumbs-content":"","ast-featured-img":"","footer-sml-layout":"","ast-disable-related-posts":"","theme-transparent-header-meta":"","adv-header-id-meta":"","stick-header-meta":"","header-above-stick-meta":"","header-main-stick-meta":"","header-below-stick-meta":"","astra-migrate-meta-layouts":"default","ast-page-background-enabled":"default","ast-page-background-meta":{"desktop":{"background-color":"var(--ast-global-color-4)","background-image":"","background-repeat":"repeat","background-position":"center center","background-size":"auto","background-attachment":"scroll","background-type":"","background-media":"","overlay-type":"","overlay-color":"","overlay-opacity":"","overlay-gradient":""},"tablet":{"background-color":"","background-image":"","background-repeat":"repeat","background-position":"center center","background-size":"auto","background-attachment":"scroll","background-type":"","background-media":"","overlay-type":"","overlay-color":"","overlay-opacity":"","overlay-gradient":""},"mobile":{"background-color":"","background-image":"","background-repeat":"repeat","background-position":"center center","background-size":"auto","background-attachment":"scroll","background-type":"","background-media":"","overlay-type":"","overlay-color":"","overlay-opacity":"","overlay-gradient":""}},"ast-content-background-meta":{"desktop":{"background-color":"var(--ast-global-color-5)","background-image":"","background-repeat":"repeat","background-position":"center center","background-size":"auto","background-attachment":"scroll","background-type":"","background-media":"","overlay-type":"","overlay-color":"","overlay-opacity":"","overlay-gradient":""},"tablet":{"background-color":"var(--ast-global-color-5)","background-image":"","background-repeat":"repeat","background-position":"center center","background-size":"auto","background-attachment":"scroll","background-type":"","background-media":"","overlay-type":"","overlay-color":"","overlay-opacity":"","overlay-gradient":""},"mobile":{"background-color":"var(--ast-global-color-5)","background-image":"","background-repeat":"repeat","background-position":"center center","background-size":"auto","background-attachment":"scroll","background-type":"","background-media":"","overlay-type":"","overlay-color":"","overlay-opacity":"","overlay-gradient":""}},"footnotes":""},"class_list":["post-2211","page","type-page","status-publish","has-post-thumbnail","hentry"],"yoast_head":"<!-- This site is optimized with the Yoast SEO plugin v27.6 - https:\/\/yoast.com\/product\/yoast-seo-wordpress\/ -->\n<title>KOPI - Grega-JK<\/title>\n<meta name=\"robots\" content=\"index, follow, max-snippet:-1, max-image-preview:large, max-video-preview:-1\" \/>\n<link rel=\"canonical\" href=\"https:\/\/grega-jk.si\/de\/kopi\/\" \/>\n<meta property=\"og:locale\" content=\"de_DE\" \/>\n<meta property=\"og:type\" content=\"article\" \/>\n<meta property=\"og:title\" content=\"KOPI - Grega-JK\" \/>\n<meta property=\"og:description\" content=\"Program razvoj pode\u017eelja Z znanjem plemenitimo plo\u010devino Proizvodnja in uporaba biooglja na kmetijah za namen izbolj\u0161anja tal in prispevka k\u00a0bla\u017eenju podnebnih sprememb. Pilotni projekt Proizvodnja in uporaba biooglja na kmetijah za namen izbolj\u0161anja tal in prispevka k bla\u017eenju podnebnih sprememb, se izvaja v okviru ukrepa M16 : Sodelovanje iz Programa razvoja pode\u017eelja 2014-2020, podukrep 16.5 [&hellip;]\" \/>\n<meta property=\"og:url\" content=\"https:\/\/grega-jk.si\/de\/kopi\/\" \/>\n<meta property=\"og:site_name\" content=\"Grega-JK\" \/>\n<meta property=\"article:modified_time\" content=\"2022-11-21T20:20:45+00:00\" \/>\n<meta property=\"og:image\" content=\"https:\/\/grega-jk.si\/wp-content\/uploads\/2020\/06\/favicon.jpg\" \/>\n\t<meta property=\"og:image:width\" content=\"512\" \/>\n\t<meta property=\"og:image:height\" content=\"512\" \/>\n\t<meta property=\"og:image:type\" content=\"image\/jpeg\" \/>\n<meta name=\"twitter:card\" content=\"summary_large_image\" \/>\n<meta name=\"twitter:label1\" content=\"Gesch\u00e4tzte Lesezeit\" \/>\n\t<meta name=\"twitter:data1\" content=\"3\u00a0Minuten\" \/>\n<script type=\"application\/ld+json\" class=\"yoast-schema-graph\">{\"@context\":\"https:\\\/\\\/schema.org\",\"@graph\":[{\"@type\":\"WebPage\",\"@id\":\"https:\\\/\\\/grega-jk.si\\\/kopi\\\/\",\"url\":\"https:\\\/\\\/grega-jk.si\\\/kopi\\\/\",\"name\":\"KOPI - Grega-JK\",\"isPartOf\":{\"@id\":\"https:\\\/\\\/grega-jk.si\\\/#website\"},\"primaryImageOfPage\":{\"@id\":\"https:\\\/\\\/grega-jk.si\\\/kopi\\\/#primaryimage\"},\"image\":{\"@id\":\"https:\\\/\\\/grega-jk.si\\\/kopi\\\/#primaryimage\"},\"thumbnailUrl\":\"https:\\\/\\\/grega-jk.si\\\/wp-content\\\/uploads\\\/2020\\\/06\\\/favicon.jpg\",\"datePublished\":\"2022-02-28T22:33:36+00:00\",\"dateModified\":\"2022-11-21T20:20:45+00:00\",\"breadcrumb\":{\"@id\":\"https:\\\/\\\/grega-jk.si\\\/kopi\\\/#breadcrumb\"},\"inLanguage\":\"de\",\"potentialAction\":[{\"@type\":\"ReadAction\",\"target\":[\"https:\\\/\\\/grega-jk.si\\\/kopi\\\/\"]}]},{\"@type\":\"ImageObject\",\"inLanguage\":\"de\",\"@id\":\"https:\\\/\\\/grega-jk.si\\\/kopi\\\/#primaryimage\",\"url\":\"https:\\\/\\\/grega-jk.si\\\/wp-content\\\/uploads\\\/2020\\\/06\\\/favicon.jpg\",\"contentUrl\":\"https:\\\/\\\/grega-jk.si\\\/wp-content\\\/uploads\\\/2020\\\/06\\\/favicon.jpg\",\"width\":512,\"height\":512},{\"@type\":\"BreadcrumbList\",\"@id\":\"https:\\\/\\\/grega-jk.si\\\/kopi\\\/#breadcrumb\",\"itemListElement\":[{\"@type\":\"ListItem\",\"position\":1,\"name\":\"Home\",\"item\":\"https:\\\/\\\/grega-jk.si\\\/\"},{\"@type\":\"ListItem\",\"position\":2,\"name\":\"KOPI\"}]},{\"@type\":\"WebSite\",\"@id\":\"https:\\\/\\\/grega-jk.si\\\/#website\",\"url\":\"https:\\\/\\\/grega-jk.si\\\/\",\"name\":\"Grega-JK\",\"description\":\"Z znanjem plemenitimo plo\u010devino\",\"publisher\":{\"@id\":\"https:\\\/\\\/grega-jk.si\\\/#organization\"},\"potentialAction\":[{\"@type\":\"SearchAction\",\"target\":{\"@type\":\"EntryPoint\",\"urlTemplate\":\"https:\\\/\\\/grega-jk.si\\\/?s={search_term_string}\"},\"query-input\":{\"@type\":\"PropertyValueSpecification\",\"valueRequired\":true,\"valueName\":\"search_term_string\"}}],\"inLanguage\":\"de\"},{\"@type\":\"Organization\",\"@id\":\"https:\\\/\\\/grega-jk.si\\\/#organization\",\"name\":\"GREGA-JK proizvodnja, storitve in trgovina d.o.o.\",\"url\":\"https:\\\/\\\/grega-jk.si\\\/\",\"logo\":{\"@type\":\"ImageObject\",\"inLanguage\":\"de\",\"@id\":\"https:\\\/\\\/grega-jk.si\\\/#\\\/schema\\\/logo\\\/image\\\/\",\"url\":\"https:\\\/\\\/grega-jk.si\\\/wp-content\\\/uploads\\\/2019\\\/02\\\/kolaric_favicon_512x512.png\",\"contentUrl\":\"https:\\\/\\\/grega-jk.si\\\/wp-content\\\/uploads\\\/2019\\\/02\\\/kolaric_favicon_512x512.png\",\"width\":512,\"height\":512,\"caption\":\"GREGA-JK proizvodnja, storitve in trgovina d.o.o.\"},\"image\":{\"@id\":\"https:\\\/\\\/grega-jk.si\\\/#\\\/schema\\\/logo\\\/image\\\/\"}}]}<\/script>\n<!-- \/ Yoast SEO plugin. -->","yoast_head_json":{"title":"KOPI - Grega-JK","robots":{"index":"index","follow":"follow","max-snippet":"max-snippet:-1","max-image-preview":"max-image-preview:large","max-video-preview":"max-video-preview:-1"},"canonical":"https:\/\/grega-jk.si\/de\/kopi\/","og_locale":"de_DE","og_type":"article","og_title":"KOPI - Grega-JK","og_description":"Program razvoj pode\u017eelja Z znanjem plemenitimo plo\u010devino Proizvodnja in uporaba biooglja na kmetijah za namen izbolj\u0161anja tal in prispevka k\u00a0bla\u017eenju podnebnih sprememb. Pilotni projekt Proizvodnja in uporaba biooglja na kmetijah za namen izbolj\u0161anja tal in prispevka k bla\u017eenju podnebnih sprememb, se izvaja v okviru ukrepa M16 : Sodelovanje iz Programa razvoja pode\u017eelja 2014-2020, podukrep 16.5 [&hellip;]","og_url":"https:\/\/grega-jk.si\/de\/kopi\/","og_site_name":"Grega-JK","article_modified_time":"2022-11-21T20:20:45+00:00","og_image":[{"width":512,"height":512,"url":"https:\/\/grega-jk.si\/wp-content\/uploads\/2020\/06\/favicon.jpg","type":"image\/jpeg"}],"twitter_card":"summary_large_image","twitter_misc":{"Gesch\u00e4tzte Lesezeit":"3\u00a0Minuten"},"schema":{"@context":"https:\/\/schema.org","@graph":[{"@type":"WebPage","@id":"https:\/\/grega-jk.si\/kopi\/","url":"https:\/\/grega-jk.si\/kopi\/","name":"KOPI - Grega-JK","isPartOf":{"@id":"https:\/\/grega-jk.si\/#website"},"primaryImageOfPage":{"@id":"https:\/\/grega-jk.si\/kopi\/#primaryimage"},"image":{"@id":"https:\/\/grega-jk.si\/kopi\/#primaryimage"},"thumbnailUrl":"https:\/\/grega-jk.si\/wp-content\/uploads\/2020\/06\/favicon.jpg","datePublished":"2022-02-28T22:33:36+00:00","dateModified":"2022-11-21T20:20:45+00:00","breadcrumb":{"@id":"https:\/\/grega-jk.si\/kopi\/#breadcrumb"},"inLanguage":"de","potentialAction":[{"@type":"ReadAction","target":["https:\/\/grega-jk.si\/kopi\/"]}]},{"@type":"ImageObject","inLanguage":"de","@id":"https:\/\/grega-jk.si\/kopi\/#primaryimage","url":"https:\/\/grega-jk.si\/wp-content\/uploads\/2020\/06\/favicon.jpg","contentUrl":"https:\/\/grega-jk.si\/wp-content\/uploads\/2020\/06\/favicon.jpg","width":512,"height":512},{"@type":"BreadcrumbList","@id":"https:\/\/grega-jk.si\/kopi\/#breadcrumb","itemListElement":[{"@type":"ListItem","position":1,"name":"Home","item":"https:\/\/grega-jk.si\/"},{"@type":"ListItem","position":2,"name":"KOPI"}]},{"@type":"WebSite","@id":"https:\/\/grega-jk.si\/#website","url":"https:\/\/grega-jk.si\/","name":"Grega-JK","description":"Mit wissen veredeln Blech","publisher":{"@id":"https:\/\/grega-jk.si\/#organization"},"potentialAction":[{"@type":"SearchAction","target":{"@type":"EntryPoint","urlTemplate":"https:\/\/grega-jk.si\/?s={search_term_string}"},"query-input":{"@type":"PropertyValueSpecification","valueRequired":true,"valueName":"search_term_string"}}],"inLanguage":"de"},{"@type":"Organization","@id":"https:\/\/grega-jk.si\/#organization","name":"GREGA-JK Produktion, Dienstleistungen und Handel doo","url":"https:\/\/grega-jk.si\/","logo":{"@type":"ImageObject","inLanguage":"de","@id":"https:\/\/grega-jk.si\/#\/schema\/logo\/image\/","url":"https:\/\/grega-jk.si\/wp-content\/uploads\/2019\/02\/kolaric_favicon_512x512.png","contentUrl":"https:\/\/grega-jk.si\/wp-content\/uploads\/2019\/02\/kolaric_favicon_512x512.png","width":512,"height":512,"caption":"GREGA-JK proizvodnja, storitve in trgovina d.o.o."},"image":{"@id":"https:\/\/grega-jk.si\/#\/schema\/logo\/image\/"}}]}},"_links":{"self":[{"href":"https:\/\/grega-jk.si\/de\/wp-json\/wp\/v2\/pages\/2211","targetHints":{"allow":["GET"]}}],"collection":[{"href":"https:\/\/grega-jk.si\/de\/wp-json\/wp\/v2\/pages"}],"about":[{"href":"https:\/\/grega-jk.si\/de\/wp-json\/wp\/v2\/types\/page"}],"author":[{"embeddable":true,"href":"https:\/\/grega-jk.si\/de\/wp-json\/wp\/v2\/users\/6"}],"replies":[{"embeddable":true,"href":"https:\/\/grega-jk.si\/de\/wp-json\/wp\/v2\/comments?post=2211"}],"version-history":[{"count":0,"href":"https:\/\/grega-jk.si\/de\/wp-json\/wp\/v2\/pages\/2211\/revisions"}],"wp:featuredmedia":[{"embeddable":true,"href":"https:\/\/grega-jk.si\/de\/wp-json\/wp\/v2\/media\/1523"}],"wp:attachment":[{"href":"https:\/\/grega-jk.si\/de\/wp-json\/wp\/v2\/media?parent=2211"}],"curies":[{"name":"wp","href":"https:\/\/api.w.org\/{rel}","templated":true}]}}