{"id":1930,"date":"2022-02-23T22:04:19","date_gmt":"2022-02-23T21:04:19","guid":{"rendered":"https:\/\/grega-jk.si\/?page_id=1930"},"modified":"2022-11-21T21:12:14","modified_gmt":"2022-11-21T20:12:14","slug":"kopi-farm-20","status":"publish","type":"page","link":"https:\/\/grega-jk.si\/de\/reference\/kopi-farm-20\/","title":{"rendered":"Kopi-Farm 20"},"content":{"rendered":"<div data-elementor-type=\"wp-page\" data-elementor-id=\"1930\" class=\"elementor elementor-1930\" data-elementor-post-type=\"page\">\n\t\t\t\t<div class=\"elementor-element elementor-element-5a691c6 e-flex e-con-boxed e-con e-parent\" data-id=\"5a691c6\" data-element_type=\"container\" data-e-type=\"container\" data-settings=\"{&quot;background_background&quot;:&quot;classic&quot;}\">\n\t\t\t\t\t<div class=\"e-con-inner\">\n\t\t<div class=\"elementor-element elementor-element-93cd386 e-con-full e-flex e-con e-parent\" data-id=\"93cd386\" data-element_type=\"container\" data-e-type=\"container\" data-settings=\"{&quot;background_background&quot;:&quot;classic&quot;}\">\n\t\t\t\t<div class=\"elementor-element elementor-element-640c940 elementor-widget elementor-widget-spacer\" data-id=\"640c940\" data-element_type=\"widget\" data-e-type=\"widget\" data-widget_type=\"spacer.default\">\n\t\t\t\t<div class=\"elementor-widget-container\">\n\t\t\t\t\t\t\t<div class=\"elementor-spacer\">\n\t\t\t<div class=\"elementor-spacer-inner\"><\/div>\n\t\t<\/div>\n\t\t\t\t\t\t<\/div>\n\t\t\t\t<\/div>\n\t\t\t\t<div class=\"elementor-element elementor-element-49bce59 elementor-widget elementor-widget-heading\" data-id=\"49bce59\" data-element_type=\"widget\" data-e-type=\"widget\" data-widget_type=\"heading.default\">\n\t\t\t\t<div class=\"elementor-widget-container\">\n\t\t\t\t\t<h2 class=\"elementor-heading-title elementor-size-default\">Gewinnung von Pflanzenkohle aus Zellstoff<\/h2>\t\t\t\t<\/div>\n\t\t\t\t<\/div>\n\t\t\t\t<div class=\"elementor-element elementor-element-fc0da8a elementor-widget elementor-widget-text-editor\" data-id=\"fc0da8a\" data-element_type=\"widget\" data-e-type=\"widget\" data-widget_type=\"text-editor.default\">\n\t\t\t\t<div class=\"elementor-widget-container\">\n\t\t\t\t\t\t\t\t\t<p>Mit wissen veredeln Blech<\/p>\t\t\t\t\t\t\t\t<\/div>\n\t\t\t\t<\/div>\n\t\t\t\t<div class=\"elementor-element elementor-element-2547582 elementor-widget elementor-widget-text-editor\" data-id=\"2547582\" data-element_type=\"widget\" data-e-type=\"widget\" data-widget_type=\"text-editor.default\">\n\t\t\t\t<div class=\"elementor-widget-container\">\n\t\t\t\t\t\t\t\t\t<p>Pflanzenkohle ist ein Produkt, das im Pyrolyseverfahren hergestellt wird. Pyrolyse ist der Prozess der Erhitzung von Biomasse ohne Anwesenheit von Luft oder mit sehr geringer Anwesenheit von Sauerstoff.<\/p>\t\t\t\t\t\t\t\t<\/div>\n\t\t\t\t<\/div>\n\t\t\t\t<\/div>\n\t\t\t\t\t<\/div>\n\t\t\t\t<\/div>\n\t\t<div class=\"elementor-element elementor-element-5dc5416 e-flex e-con-boxed e-con e-parent\" data-id=\"5dc5416\" data-element_type=\"container\" data-e-type=\"container\">\n\t\t\t\t\t<div class=\"e-con-inner\">\n\t\t\t\t<div class=\"elementor-element elementor-element-d01b7a8 elementor-widget elementor-widget-heading\" data-id=\"d01b7a8\" data-element_type=\"widget\" data-e-type=\"widget\" data-settings=\"{&quot;_animation&quot;:&quot;none&quot;}\" data-widget_type=\"heading.default\">\n\t\t\t\t<div class=\"elementor-widget-container\">\n\t\t\t\t\t<h2 class=\"elementor-heading-title elementor-size-default\">Pyrolyseofen<\/h2>\t\t\t\t<\/div>\n\t\t\t\t<\/div>\n\t\t\t\t<div class=\"elementor-element elementor-element-b0b777c elementor-widget elementor-widget-heading\" data-id=\"b0b777c\" data-element_type=\"widget\" data-e-type=\"widget\" data-settings=\"{&quot;_animation&quot;:&quot;none&quot;}\" data-widget_type=\"heading.default\">\n\t\t\t\t<div class=\"elementor-widget-container\">\n\t\t\t\t\t<h3 class=\"elementor-heading-title elementor-size-default\">KOPI-BAUERNHOF 20<\/h3>\t\t\t\t<\/div>\n\t\t\t\t<\/div>\n\t\t\t\t<div class=\"elementor-element elementor-element-e4d7723 elementor-widget elementor-widget-image\" data-id=\"e4d7723\" data-element_type=\"widget\" data-e-type=\"widget\" data-widget_type=\"image.default\">\n\t\t\t\t<div class=\"elementor-widget-container\">\n\t\t\t\t\t\t\t\t\t\t\t\t\t\t\t<img fetchpriority=\"high\" decoding=\"async\" width=\"1331\" height=\"907\" src=\"https:\/\/grega-jk.si\/wp-content\/uploads\/2022\/02\/Kopi_farm_20_2.jpg\" class=\"attachment-full size-full wp-image-2204\" alt=\"\" srcset=\"https:\/\/grega-jk.si\/wp-content\/uploads\/2022\/02\/Kopi_farm_20_2.jpg 1331w, https:\/\/grega-jk.si\/wp-content\/uploads\/2022\/02\/Kopi_farm_20_2-600x409.jpg 600w, https:\/\/grega-jk.si\/wp-content\/uploads\/2022\/02\/Kopi_farm_20_2-300x204.jpg 300w, https:\/\/grega-jk.si\/wp-content\/uploads\/2022\/02\/Kopi_farm_20_2-1024x698.jpg 1024w, https:\/\/grega-jk.si\/wp-content\/uploads\/2022\/02\/Kopi_farm_20_2-768x523.jpg 768w, https:\/\/grega-jk.si\/wp-content\/uploads\/2022\/02\/Kopi_farm_20_2-18x12.jpg 18w\" sizes=\"(max-width: 1331px) 100vw, 1331px\" \/>\t\t\t\t\t\t\t\t\t\t\t\t\t\t\t<\/div>\n\t\t\t\t<\/div>\n\t\t\t\t<div class=\"elementor-element elementor-element-5f9d4f6 elementor-widget elementor-widget-text-editor\" data-id=\"5f9d4f6\" data-element_type=\"widget\" data-e-type=\"widget\" data-settings=\"{&quot;_animation&quot;:&quot;none&quot;}\" data-widget_type=\"text-editor.default\">\n\t\t\t\t<div class=\"elementor-widget-container\">\n\t\t\t\t\t\t\t\t\t<p><strong>Pflanzenkohle ist ein Produkt, das im Pyrolyseverfahren hergestellt wird. Pyrolyse ist der Prozess der Erhitzung von Biomasse ohne Anwesenheit von Luft oder mit sehr geringer Anwesenheit von Sauerstoff.<\/strong><\/p><p>Der verwendete Rohstoff ist Biomasse bzw Im Fall von KOPI FARM 20 sind Holzsp\u00e4ne der Rohstoff. Der am besten geeignete Temperaturbereich zur Gewinnung von Pflanzenkohle liegt zwischen 450 \u00b0C und 600 \u00b0C. Dabei entstehen Biokohle und Pyrolysegase.<\/p><p>Der Pyrolyseofen produziert 5 Kilogramm Pflanzenkohle pro Stunde, wof\u00fcr er 20 Kilogramm Hackschnitzel ben\u00f6tigt. Dabei wird die W\u00e4rme in Form von Warmwasser 90\/80 \u00b0C mit Hilfe einer Umw\u00e4lzpumpe zun\u00e4chst zur Trocknung abgef\u00fchrt und die verbleibende W\u00e4rme nutzbringend zur Beheizung von Geb\u00e4uden oder anderen Betrieben genutzt.<\/p><p>Das Ger\u00e4t KOPI FARM 20 besteht somit aus<span style=\"text-decoration: underline;\"> Trockner<\/span> f\u00fcr Biomasse, die auch als dient <span style=\"text-decoration: underline;\">Lager<\/span> f\u00fcr <span style=\"text-decoration: underline;\">Pyrolysator<\/span>. Der Pyrolysator ist au\u00dferdem mit einem F\u00f6rderer f\u00fcr Pflanzenkohle in vorbereitete Big-Bags verbunden (<span style=\"text-decoration: underline;\">Lagertank f\u00fcr Pflanzenkohle<\/span>).<\/p><p>Die gewonnene W\u00e4rme in Form von Warmwasser kann sinnvoll genutzt werden. Da bei dem Prozess Kohlenstoff an die Pflanzenkohle gebunden wird, werden die Kohlendioxidemissionen in die Atmosph\u00e4re deutlich reduziert. Die so gewonnene Energie tr\u00e4gt zur Eind\u00e4mmung des Klimawandels bei und erh\u00f6ht zudem den Autarkiegrad.<\/p><p>Die gewonnene Pflanzenkohle kann sinnvoll als Bodenverbesserer eingesetzt werden. Durch die Verwendung von Pflanzenkohle wird der Boden geschont und angereichert, was das Potenzial hat, vom Einsatz k\u00fcnstlicher D\u00fcngemittel in der Landwirtschaft wegzukommen, die den Boden tats\u00e4chlich Jahr f\u00fcr Jahr verarmen. Pflanzenkohle ist extrem por\u00f6s und kann viel Wasser, N\u00e4hrstoffe und Luft speichern, was von vielen Mikroorganismen genutzt wird, die einer der Schl\u00fcssel f\u00fcr universell fruchtbare B\u00f6den und damit f\u00fcr gesunde und widerstandsf\u00e4hige Pflanzen sind.<\/p><p>Der Pyrolyseofen KOPI FARM 20 wird f\u00fcr den Einsatz in landwirtschaftlichen Betrieben empfohlen, in denen normalerweise Abfallbiomasse anf\u00e4llt, von der gr\u00f6\u00dfere wirtschaftliche Vorteile zu erwarten sind. Es ist nicht notwendig, Pflanzenkohle auf dem Markt zu kaufen. Pflanzenkohlereste k\u00f6nnen auf dem Markt verkauft werden. Autarkes Heizen mit geringen Kosten. Freundlich zur Umwelt. Nachhaltige Landwirtschaft<\/p>\t\t\t\t\t\t\t\t<\/div>\n\t\t\t\t<\/div>\n\t\t\t\t<div class=\"elementor-element elementor-element-4a62c26 elementor-widget elementor-widget-toggle\" data-id=\"4a62c26\" data-element_type=\"widget\" data-e-type=\"widget\" data-widget_type=\"toggle.default\">\n\t\t\t\t<div class=\"elementor-widget-container\">\n\t\t\t\t\t\t\t<div class=\"elementor-toggle\">\n\t\t\t\t\t\t\t<div class=\"elementor-toggle-item\">\n\t\t\t\t\t<div id=\"elementor-tab-title-7791\" class=\"elementor-tab-title\" data-tab=\"1\" role=\"button\" aria-controls=\"elementor-tab-content-7791\" aria-expanded=\"false\">\n\t\t\t\t\t\t\t\t\t\t\t\t<span class=\"elementor-toggle-icon elementor-toggle-icon-right\" aria-hidden=\"true\">\n\t\t\t\t\t\t\t\t\t\t\t\t\t\t\t<span class=\"elementor-toggle-icon-closed\"><svg class=\"e-font-icon-svg e-fas-angle-down\" viewbox=\"0 0 320 512\" xmlns=\"http:\/\/www.w3.org\/2000\/svg\"><path d=\"M143 352.3L7 216.3c-9.4-9.4-9.4-24.6 0-33.9l22.6-22.6c9.4-9.4 24.6-9.4 33.9 0l96.4 96.4 96.4-96.4c9.4-9.4 24.6-9.4 33.9 0l22.6 22.6c9.4 9.4 9.4 24.6 0 33.9l-136 136c-9.2 9.4-24.4 9.4-33.8 0z\"><\/path><\/svg><\/span>\n\t\t\t\t\t\t\t\t<span class=\"elementor-toggle-icon-opened\"><svg class=\"elementor-toggle-icon-opened e-font-icon-svg e-fas-angle-up\" viewbox=\"0 0 320 512\" xmlns=\"http:\/\/www.w3.org\/2000\/svg\"><path d=\"M177 159.7l136 136c9.4 9.4 9.4 24.6 0 33.9l-22.6 22.6c-9.4 9.4-24.6 9.4-33.9 0L160 255.9l-96.4 96.4c-9.4 9.4-24.6 9.4-33.9 0L7 329.7c-9.4-9.4-9.4-24.6 0-33.9l136-136c9.4-9.5 24.6-9.5 34-.1z\"><\/path><\/svg><\/span>\n\t\t\t\t\t\t\t\t\t\t\t\t\t<\/span>\n\t\t\t\t\t\t\t\t\t\t\t\t<a class=\"elementor-toggle-title\" tabindex=\"0\">Technische Beschreibung<\/a>\n\t\t\t\t\t<\/div>\n\n\t\t\t\t\t<div id=\"elementor-tab-content-7791\" class=\"elementor-tab-content elementor-clearfix\" data-tab=\"1\" role=\"region\" aria-labelledby=\"elementor-tab-title-7791\"><strong> 1. Lagertrockner<\/strong> f\u00fcr 24 Stunden Betrieb\n<ul>\n \t<li>Band 3 (Bulk) m<sup>3<\/sup> f\u00fcr ca. 1,3 t feuchte Hackschnitzel<\/li>\n<\/ul><\/br>\n<strong>2. Pyrolyseofen \u2013 Pyrolysator<\/strong>\n\nHeizleistung des Ger\u00e4tes am Ausgang: 26 kW Brennstoff:\n<ul>\n \t<li>Hackschnitzel Typ P31 gem\u00e4\u00df ISO 17225, Partikelgr\u00f6\u00dfe 3,15 mm &lt; P &lt; 31,5 mm, Feuchtigkeitsgehalt bis 30 %<\/li>\n<\/ul>\n<ul>\n \t<li>Brennstoffverbrauch: 20 kg\/h trockene Hackschnitzel<\/li>\n \t<li>BIOKOHLE-Produktion: 5 kg\/h<\/li>\n \t<li>Elektrische Anschlussleistung: 10 kW, Betriebsfaktor 0,43<\/li>\n \t<li>Rauchanschluss 110<\/li>\n \t<li>Leitungswasseranschluss<\/li>\n \t<li>Warmwasseranschluss 90\/80, \u00be\u201c<\/li>\n<\/ul>\n<\/br>\nAbmessungen des Pyrolysators:\n<ul>\n \t<li>Breite: 1100 mm<\/li>\n \t<li>H\u00f6he: 1800 mm<\/li>\n \t<li>L\u00e4nge: 110 mm<\/li>\n \t<li>Gewicht: 320 kg<\/li>\n<\/ul>\n<strong>\u00a0<\/strong>\n<\/br>\n<strong>3. Lagerhaus f\u00fcr Pflanzenkohle<\/strong> mit Big-Bag-Aufbewahrung mit Aufh\u00e4nger zum Platzieren eines 1,5 m3 gro\u00dfen Big-Bags.<\/div>\n\t\t\t\t<\/div>\n\t\t\t\t\t\t\t\t<\/div>\n\t\t\t\t\t\t<\/div>\n\t\t\t\t<\/div>\n\t\t\t\t\t<\/div>\n\t\t\t\t<\/div>\n\t\t<div class=\"elementor-element elementor-element-4868661 e-flex e-con-boxed e-con e-parent\" data-id=\"4868661\" data-element_type=\"container\" data-e-type=\"container\" data-settings=\"{&quot;background_background&quot;:&quot;classic&quot;}\">\n\t\t\t\t\t<div class=\"e-con-inner\">\n\t\t\t\t<div class=\"elementor-element elementor-element-d63e1e4 elementor-widget elementor-widget-heading\" data-id=\"d63e1e4\" data-element_type=\"widget\" data-e-type=\"widget\" data-settings=\"{&quot;_animation&quot;:&quot;none&quot;}\" data-widget_type=\"heading.default\">\n\t\t\t\t<div class=\"elementor-widget-container\">\n\t\t\t\t\t<h3 class=\"elementor-heading-title elementor-size-default\">Interessieren Sie sich f\u00fcr einen Pyrolyseofen?<\/h3>\t\t\t\t<\/div>\n\t\t\t\t<\/div>\n\t\t\t\t<div class=\"elementor-element elementor-element-8af6e37 elementor-widget elementor-widget-text-editor\" data-id=\"8af6e37\" data-element_type=\"widget\" data-e-type=\"widget\" data-settings=\"{&quot;_animation&quot;:&quot;none&quot;}\" data-widget_type=\"text-editor.default\">\n\t\t\t\t<div class=\"elementor-widget-container\">\n\t\t\t\t\t\t\t\t\t<div class=\"wpb_text_column wpb_content_element\" data-animation-delay=\"0\"><div class=\"wpb_wrapper\"><p>Mit dem Pyrolyseofen KOPI FARM 2.0 sind Sie in der Lage, bestimmte Mengen Biokohle \u2013 einen Bodenaktivator \u2013 zu produzieren. Pflanzenkohle ist ein wichtiger Bestandteil des ewig fruchtbaren Bodens und tr\u00e4gt wesentlich zur Verbesserung seiner Struktur bei.<\/p><\/div><\/div>\t\t\t\t\t\t\t\t<\/div>\n\t\t\t\t<\/div>\n\t\t\t\t<div class=\"elementor-element elementor-element-4d82764 elementor-widget elementor-widget-button\" data-id=\"4d82764\" data-element_type=\"widget\" data-e-type=\"widget\" data-widget_type=\"button.default\">\n\t\t\t\t<div class=\"elementor-widget-container\">\n\t\t\t\t\t\t\t\t\t<div class=\"elementor-button-wrapper\">\n\t\t\t\t\t<a class=\"elementor-button elementor-button-link elementor-size-sm elementor-animation-grow\" href=\"https:\/\/grega-jk.si\/de\/povprasevanje\/\">\n\t\t\t\t\t\t<span class=\"elementor-button-content-wrapper\">\n\t\t\t\t\t\t\t\t\t<span class=\"elementor-button-text\">Nachfrage<\/span>\n\t\t\t\t\t<\/span>\n\t\t\t\t\t<\/a>\n\t\t\t\t<\/div>\n\t\t\t\t\t\t\t\t<\/div>\n\t\t\t\t<\/div>\n\t\t\t\t\t<\/div>\n\t\t\t\t<\/div>\n\t\t\t\t<\/div>","protected":false},"excerpt":{"rendered":"<p>Pridobivanje biooglja iz lesne mase Z znanjem plemenitimo plo\u010devino Biooglje je proizvod, ki nastane v procesu pirolize. Piroliza je proces segrevanja biomase brez prisotnosti zraka ali z zelo nizko prisotnostjo kisika. Pirolizna pe\u010d KOPI FARM 20 Biooglje je proizvod, ki nastane v procesu pirolize. Piroliza je proces segrevanja biomase brez prisotnosti zraka ali z zelo [&hellip;]<\/p>\n","protected":false},"author":6,"featured_media":1523,"parent":953,"menu_order":0,"comment_status":"closed","ping_status":"closed","template":"","meta":{"site-sidebar-layout":"default","site-content-layout":"","ast-site-content-layout":"default","site-content-style":"default","site-sidebar-style":"default","ast-global-header-display":"","ast-banner-title-visibility":"","ast-main-header-display":"","ast-hfb-above-header-display":"","ast-hfb-below-header-display":"","ast-hfb-mobile-header-display":"","site-post-title":"","ast-breadcrumbs-content":"","ast-featured-img":"","footer-sml-layout":"","ast-disable-related-posts":"","theme-transparent-header-meta":"","adv-header-id-meta":"","stick-header-meta":"","header-above-stick-meta":"","header-main-stick-meta":"","header-below-stick-meta":"","astra-migrate-meta-layouts":"default","ast-page-background-enabled":"default","ast-page-background-meta":{"desktop":{"background-color":"var(--ast-global-color-4)","background-image":"","background-repeat":"repeat","background-position":"center center","background-size":"auto","background-attachment":"scroll","background-type":"","background-media":"","overlay-type":"","overlay-color":"","overlay-opacity":"","overlay-gradient":""},"tablet":{"background-color":"","background-image":"","background-repeat":"repeat","background-position":"center center","background-size":"auto","background-attachment":"scroll","background-type":"","background-media":"","overlay-type":"","overlay-color":"","overlay-opacity":"","overlay-gradient":""},"mobile":{"background-color":"","background-image":"","background-repeat":"repeat","background-position":"center center","background-size":"auto","background-attachment":"scroll","background-type":"","background-media":"","overlay-type":"","overlay-color":"","overlay-opacity":"","overlay-gradient":""}},"ast-content-background-meta":{"desktop":{"background-color":"var(--ast-global-color-5)","background-image":"","background-repeat":"repeat","background-position":"center center","background-size":"auto","background-attachment":"scroll","background-type":"","background-media":"","overlay-type":"","overlay-color":"","overlay-opacity":"","overlay-gradient":""},"tablet":{"background-color":"var(--ast-global-color-5)","background-image":"","background-repeat":"repeat","background-position":"center center","background-size":"auto","background-attachment":"scroll","background-type":"","background-media":"","overlay-type":"","overlay-color":"","overlay-opacity":"","overlay-gradient":""},"mobile":{"background-color":"var(--ast-global-color-5)","background-image":"","background-repeat":"repeat","background-position":"center center","background-size":"auto","background-attachment":"scroll","background-type":"","background-media":"","overlay-type":"","overlay-color":"","overlay-opacity":"","overlay-gradient":""}},"footnotes":""},"class_list":["post-1930","page","type-page","status-publish","has-post-thumbnail","hentry"],"yoast_head":"<!-- This site is optimized with the Yoast SEO plugin v27.6 - https:\/\/yoast.com\/product\/yoast-seo-wordpress\/ -->\n<title>Kopi Farm 20 - Grega-JK<\/title>\n<meta name=\"robots\" content=\"index, follow, max-snippet:-1, max-image-preview:large, max-video-preview:-1\" \/>\n<link rel=\"canonical\" href=\"https:\/\/grega-jk.si\/de\/reference\/kopi-farm-20\/\" \/>\n<meta property=\"og:locale\" content=\"de_DE\" \/>\n<meta property=\"og:type\" content=\"article\" \/>\n<meta property=\"og:title\" content=\"Kopi Farm 20 - Grega-JK\" \/>\n<meta property=\"og:description\" content=\"Pridobivanje biooglja iz lesne mase Z znanjem plemenitimo plo\u010devino Biooglje je proizvod, ki nastane v procesu pirolize. Piroliza je proces segrevanja biomase brez prisotnosti zraka ali z zelo nizko prisotnostjo kisika. Pirolizna pe\u010d KOPI FARM 20 Biooglje je proizvod, ki nastane v procesu pirolize. Piroliza je proces segrevanja biomase brez prisotnosti zraka ali z zelo [&hellip;]\" \/>\n<meta property=\"og:url\" content=\"https:\/\/grega-jk.si\/de\/reference\/kopi-farm-20\/\" \/>\n<meta property=\"og:site_name\" content=\"Grega-JK\" \/>\n<meta property=\"article:modified_time\" content=\"2022-11-21T20:12:14+00:00\" \/>\n<meta property=\"og:image\" content=\"https:\/\/grega-jk.si\/wp-content\/uploads\/2020\/06\/favicon.jpg\" \/>\n\t<meta property=\"og:image:width\" content=\"512\" \/>\n\t<meta property=\"og:image:height\" content=\"512\" \/>\n\t<meta property=\"og:image:type\" content=\"image\/jpeg\" \/>\n<meta name=\"twitter:card\" content=\"summary_large_image\" \/>\n<meta name=\"twitter:label1\" content=\"Gesch\u00e4tzte Lesezeit\" \/>\n\t<meta name=\"twitter:data1\" content=\"3\u00a0Minuten\" \/>\n<script type=\"application\/ld+json\" class=\"yoast-schema-graph\">{\"@context\":\"https:\\\/\\\/schema.org\",\"@graph\":[{\"@type\":\"WebPage\",\"@id\":\"https:\\\/\\\/grega-jk.si\\\/reference\\\/kopi-farm-20\\\/\",\"url\":\"https:\\\/\\\/grega-jk.si\\\/reference\\\/kopi-farm-20\\\/\",\"name\":\"Kopi Farm 20 - Grega-JK\",\"isPartOf\":{\"@id\":\"https:\\\/\\\/grega-jk.si\\\/#website\"},\"primaryImageOfPage\":{\"@id\":\"https:\\\/\\\/grega-jk.si\\\/reference\\\/kopi-farm-20\\\/#primaryimage\"},\"image\":{\"@id\":\"https:\\\/\\\/grega-jk.si\\\/reference\\\/kopi-farm-20\\\/#primaryimage\"},\"thumbnailUrl\":\"https:\\\/\\\/grega-jk.si\\\/wp-content\\\/uploads\\\/2020\\\/06\\\/favicon.jpg\",\"datePublished\":\"2022-02-23T21:04:19+00:00\",\"dateModified\":\"2022-11-21T20:12:14+00:00\",\"breadcrumb\":{\"@id\":\"https:\\\/\\\/grega-jk.si\\\/reference\\\/kopi-farm-20\\\/#breadcrumb\"},\"inLanguage\":\"de\",\"potentialAction\":[{\"@type\":\"ReadAction\",\"target\":[\"https:\\\/\\\/grega-jk.si\\\/reference\\\/kopi-farm-20\\\/\"]}]},{\"@type\":\"ImageObject\",\"inLanguage\":\"de\",\"@id\":\"https:\\\/\\\/grega-jk.si\\\/reference\\\/kopi-farm-20\\\/#primaryimage\",\"url\":\"https:\\\/\\\/grega-jk.si\\\/wp-content\\\/uploads\\\/2020\\\/06\\\/favicon.jpg\",\"contentUrl\":\"https:\\\/\\\/grega-jk.si\\\/wp-content\\\/uploads\\\/2020\\\/06\\\/favicon.jpg\",\"width\":512,\"height\":512},{\"@type\":\"BreadcrumbList\",\"@id\":\"https:\\\/\\\/grega-jk.si\\\/reference\\\/kopi-farm-20\\\/#breadcrumb\",\"itemListElement\":[{\"@type\":\"ListItem\",\"position\":1,\"name\":\"Home\",\"item\":\"https:\\\/\\\/grega-jk.si\\\/\"},{\"@type\":\"ListItem\",\"position\":2,\"name\":\"Reference\",\"item\":\"https:\\\/\\\/grega-jk.si\\\/reference\\\/\"},{\"@type\":\"ListItem\",\"position\":3,\"name\":\"Kopi Farm 20\"}]},{\"@type\":\"WebSite\",\"@id\":\"https:\\\/\\\/grega-jk.si\\\/#website\",\"url\":\"https:\\\/\\\/grega-jk.si\\\/\",\"name\":\"Grega-JK\",\"description\":\"Z znanjem plemenitimo plo\u010devino\",\"publisher\":{\"@id\":\"https:\\\/\\\/grega-jk.si\\\/#organization\"},\"potentialAction\":[{\"@type\":\"SearchAction\",\"target\":{\"@type\":\"EntryPoint\",\"urlTemplate\":\"https:\\\/\\\/grega-jk.si\\\/?s={search_term_string}\"},\"query-input\":{\"@type\":\"PropertyValueSpecification\",\"valueRequired\":true,\"valueName\":\"search_term_string\"}}],\"inLanguage\":\"de\"},{\"@type\":\"Organization\",\"@id\":\"https:\\\/\\\/grega-jk.si\\\/#organization\",\"name\":\"GREGA-JK proizvodnja, storitve in trgovina d.o.o.\",\"url\":\"https:\\\/\\\/grega-jk.si\\\/\",\"logo\":{\"@type\":\"ImageObject\",\"inLanguage\":\"de\",\"@id\":\"https:\\\/\\\/grega-jk.si\\\/#\\\/schema\\\/logo\\\/image\\\/\",\"url\":\"https:\\\/\\\/grega-jk.si\\\/wp-content\\\/uploads\\\/2019\\\/02\\\/kolaric_favicon_512x512.png\",\"contentUrl\":\"https:\\\/\\\/grega-jk.si\\\/wp-content\\\/uploads\\\/2019\\\/02\\\/kolaric_favicon_512x512.png\",\"width\":512,\"height\":512,\"caption\":\"GREGA-JK proizvodnja, storitve in trgovina d.o.o.\"},\"image\":{\"@id\":\"https:\\\/\\\/grega-jk.si\\\/#\\\/schema\\\/logo\\\/image\\\/\"}}]}<\/script>\n<!-- \/ Yoast SEO plugin. -->","yoast_head_json":{"title":"Kopi Farm 20 - Grega-JK","robots":{"index":"index","follow":"follow","max-snippet":"max-snippet:-1","max-image-preview":"max-image-preview:large","max-video-preview":"max-video-preview:-1"},"canonical":"https:\/\/grega-jk.si\/de\/reference\/kopi-farm-20\/","og_locale":"de_DE","og_type":"article","og_title":"Kopi Farm 20 - Grega-JK","og_description":"Pridobivanje biooglja iz lesne mase Z znanjem plemenitimo plo\u010devino Biooglje je proizvod, ki nastane v procesu pirolize. Piroliza je proces segrevanja biomase brez prisotnosti zraka ali z zelo nizko prisotnostjo kisika. Pirolizna pe\u010d KOPI FARM 20 Biooglje je proizvod, ki nastane v procesu pirolize. Piroliza je proces segrevanja biomase brez prisotnosti zraka ali z zelo [&hellip;]","og_url":"https:\/\/grega-jk.si\/de\/reference\/kopi-farm-20\/","og_site_name":"Grega-JK","article_modified_time":"2022-11-21T20:12:14+00:00","og_image":[{"width":512,"height":512,"url":"https:\/\/grega-jk.si\/wp-content\/uploads\/2020\/06\/favicon.jpg","type":"image\/jpeg"}],"twitter_card":"summary_large_image","twitter_misc":{"Gesch\u00e4tzte Lesezeit":"3\u00a0Minuten"},"schema":{"@context":"https:\/\/schema.org","@graph":[{"@type":"WebPage","@id":"https:\/\/grega-jk.si\/reference\/kopi-farm-20\/","url":"https:\/\/grega-jk.si\/reference\/kopi-farm-20\/","name":"Kopi Farm 20 - Grega-JK","isPartOf":{"@id":"https:\/\/grega-jk.si\/#website"},"primaryImageOfPage":{"@id":"https:\/\/grega-jk.si\/reference\/kopi-farm-20\/#primaryimage"},"image":{"@id":"https:\/\/grega-jk.si\/reference\/kopi-farm-20\/#primaryimage"},"thumbnailUrl":"https:\/\/grega-jk.si\/wp-content\/uploads\/2020\/06\/favicon.jpg","datePublished":"2022-02-23T21:04:19+00:00","dateModified":"2022-11-21T20:12:14+00:00","breadcrumb":{"@id":"https:\/\/grega-jk.si\/reference\/kopi-farm-20\/#breadcrumb"},"inLanguage":"de","potentialAction":[{"@type":"ReadAction","target":["https:\/\/grega-jk.si\/reference\/kopi-farm-20\/"]}]},{"@type":"ImageObject","inLanguage":"de","@id":"https:\/\/grega-jk.si\/reference\/kopi-farm-20\/#primaryimage","url":"https:\/\/grega-jk.si\/wp-content\/uploads\/2020\/06\/favicon.jpg","contentUrl":"https:\/\/grega-jk.si\/wp-content\/uploads\/2020\/06\/favicon.jpg","width":512,"height":512},{"@type":"BreadcrumbList","@id":"https:\/\/grega-jk.si\/reference\/kopi-farm-20\/#breadcrumb","itemListElement":[{"@type":"ListItem","position":1,"name":"Home","item":"https:\/\/grega-jk.si\/"},{"@type":"ListItem","position":2,"name":"Reference","item":"https:\/\/grega-jk.si\/reference\/"},{"@type":"ListItem","position":3,"name":"Kopi Farm 20"}]},{"@type":"WebSite","@id":"https:\/\/grega-jk.si\/#website","url":"https:\/\/grega-jk.si\/","name":"Grega-JK","description":"Mit wissen veredeln Blech","publisher":{"@id":"https:\/\/grega-jk.si\/#organization"},"potentialAction":[{"@type":"SearchAction","target":{"@type":"EntryPoint","urlTemplate":"https:\/\/grega-jk.si\/?s={search_term_string}"},"query-input":{"@type":"PropertyValueSpecification","valueRequired":true,"valueName":"search_term_string"}}],"inLanguage":"de"},{"@type":"Organization","@id":"https:\/\/grega-jk.si\/#organization","name":"GREGA-JK Produktion, Dienstleistungen und Handel doo","url":"https:\/\/grega-jk.si\/","logo":{"@type":"ImageObject","inLanguage":"de","@id":"https:\/\/grega-jk.si\/#\/schema\/logo\/image\/","url":"https:\/\/grega-jk.si\/wp-content\/uploads\/2019\/02\/kolaric_favicon_512x512.png","contentUrl":"https:\/\/grega-jk.si\/wp-content\/uploads\/2019\/02\/kolaric_favicon_512x512.png","width":512,"height":512,"caption":"GREGA-JK proizvodnja, storitve in trgovina d.o.o."},"image":{"@id":"https:\/\/grega-jk.si\/#\/schema\/logo\/image\/"}}]}},"_links":{"self":[{"href":"https:\/\/grega-jk.si\/de\/wp-json\/wp\/v2\/pages\/1930","targetHints":{"allow":["GET"]}}],"collection":[{"href":"https:\/\/grega-jk.si\/de\/wp-json\/wp\/v2\/pages"}],"about":[{"href":"https:\/\/grega-jk.si\/de\/wp-json\/wp\/v2\/types\/page"}],"author":[{"embeddable":true,"href":"https:\/\/grega-jk.si\/de\/wp-json\/wp\/v2\/users\/6"}],"replies":[{"embeddable":true,"href":"https:\/\/grega-jk.si\/de\/wp-json\/wp\/v2\/comments?post=1930"}],"version-history":[{"count":0,"href":"https:\/\/grega-jk.si\/de\/wp-json\/wp\/v2\/pages\/1930\/revisions"}],"up":[{"embeddable":true,"href":"https:\/\/grega-jk.si\/de\/wp-json\/wp\/v2\/pages\/953"}],"wp:featuredmedia":[{"embeddable":true,"href":"https:\/\/grega-jk.si\/de\/wp-json\/wp\/v2\/media\/1523"}],"wp:attachment":[{"href":"https:\/\/grega-jk.si\/de\/wp-json\/wp\/v2\/media?parent=1930"}],"curies":[{"name":"wp","href":"https:\/\/api.w.org\/{rel}","templated":true}]}}